{"id":130,"date":"2023-12-29T13:52:13","date_gmt":"2023-12-29T13:52:13","guid":{"rendered":"https:\/\/eurofermer.al\/?page_id=130"},"modified":"2024-12-28T05:26:50","modified_gmt":"2024-12-28T05:26:50","slug":"rreth-nesh","status":"publish","type":"page","link":"https:\/\/eurofermer.al\/en\/rreth-nesh\/","title":{"rendered":"ABOUT US"},"content":{"rendered":"<p>[et_pb_section fb_built=&#8221;1&#8243; admin_label=&#8221;About&#8221; _builder_version=&#8221;4.16&#8243; _module_preset=&#8221;default&#8221; background_color=&#8221;#f3f7f0&#8243; background_enable_image=&#8221;off&#8221; background_position=&#8221;top_center&#8221; global_colors_info=&#8221;{}&#8221;][et_pb_row _builder_version=&#8221;4.16&#8243; _module_preset=&#8221;default&#8221; global_colors_info=&#8221;{}&#8221;][et_pb_column type=&#8221;4_4&#8243; _builder_version=&#8221;4.16&#8243; _module_preset=&#8221;default&#8221; global_colors_info=&#8221;{}&#8221;][et_pb_text _builder_version=&#8221;4.16&#8243; _module_preset=&#8221;b0bf5418-994a-43d1-aef8-7d7c6764119d&#8221; header_font=&#8221;Tajawal|900|||||||&#8221; header_text_color=&#8221;#000000&#8243; header_font_size=&#8221;100px&#8221; header_font_size_tablet=&#8221;50px&#8221; header_font_size_phone=&#8221;32px&#8221; header_font_size_last_edited=&#8221;on|phone&#8221; locked=&#8221;off&#8221; global_colors_info=&#8221;{}&#8221;]<\/p>\n<h1>About Us<\/h1>\n<p>[\/et_pb_text][\/et_pb_column][\/et_pb_row][et_pb_row column_structure=&#8221;1_2,1_2&#8243; _builder_version=&#8221;4.23.4&#8243; _module_preset=&#8221;default&#8221; width=&#8221;95%&#8221; global_colors_info=&#8221;{}&#8221;][et_pb_column type=&#8221;1_2&#8243; _builder_version=&#8221;4.16&#8243; _module_preset=&#8221;default&#8221; global_colors_info=&#8221;{}&#8221;][et_pb_text _builder_version=&#8221;4.27.2&#8243; _module_preset=&#8221;2e1ca0a8-a515-4ca3-8814-65eea4b82393&#8243; text_font=&#8221;||||||||&#8221; text_text_color=&#8221;#666666&#8243; text_font_size=&#8221;16px&#8221; text_line_height=&#8221;1.8em&#8221; link_font=&#8221;|700|||||||&#8221; link_text_color=&#8221;#71B100&#8243; hover_enabled=&#8221;0&#8243; text_font_size_tablet=&#8221;15px&#8221; text_font_size_phone=&#8221;14px&#8221; text_font_size_last_edited=&#8221;on|desktop&#8221; locked=&#8221;off&#8221; global_colors_info=&#8221;{}&#8221; sticky_enabled=&#8221;0&#8243;]<\/p>\n<p style=\"text-align: left;\">Euro Fermer Albania \u00ebsht\u00eb nj\u00eb ofrues kryesor i produkteve agro-industriale me vendndodhje n\u00eb Fush\u00eb-Kruj\u00eb, Shqip\u00ebri. Me nj\u00eb angazhim p\u00ebr p\u00ebrsosm\u00ebri, ne p\u00ebrpiqemi t\u00eb ofrojm\u00eb produkte dhe sh\u00ebrbime me cil\u00ebsi t\u00eb lart\u00eb p\u00ebr t\u00eb p\u00ebrmbushur nevojat e klient\u00ebve tan\u00eb. Ekipi yn\u00eb i p\u00ebrkushtuar i profesionist\u00ebve punon pa u lodhur p\u00ebr t\u00eb siguruar q\u00eb produktet tona t\u00eb jen\u00eb t\u00eb standardeve m\u00eb t\u00eb larta. Ne krenohemi me gam\u00ebn ton\u00eb t\u00eb gjer\u00eb t\u00eb produkteve agroindustriale dhe aft\u00ebsin\u00eb ton\u00eb p\u00ebr t\u00eb ofruar zgjidhje t\u00eb p\u00ebrshtatura p\u00ebr klient\u00ebt tan\u00eb. N\u00eb Euro Fermer Albania, ne jemi t\u00eb apasionuar pas bujq\u00ebsis\u00eb dhe jemi t\u00eb p\u00ebrkushtuar p\u00ebr t\u00eb kontribuar n\u00eb rritjen dhe suksesin e industris\u00eb.<\/p>\n<p>[\/et_pb_text][et_pb_image src=&#8221;https:\/\/eurofermer.al\/wp-content\/uploads\/2023\/12\/landscape-maintenance-43.jpg&#8221; title_text=&#8221;landscape-maintenance-43&#8243; _builder_version=&#8221;4.16&#8243; _module_preset=&#8221;default&#8221; locked=&#8221;off&#8221; global_colors_info=&#8221;{}&#8221;][\/et_pb_image][\/et_pb_column][et_pb_column type=&#8221;1_2&#8243; _builder_version=&#8221;4.16&#8243; _module_preset=&#8221;default&#8221; global_colors_info=&#8221;{}&#8221;][et_pb_image src=&#8221;https:\/\/eurofermer.al\/wp-content\/uploads\/2023\/12\/landscape-maintenance-30.jpg&#8221; title_text=&#8221;landscape-maintenance-30&#8243; _builder_version=&#8221;4.16&#8243; _module_preset=&#8221;default&#8221; locked=&#8221;off&#8221; global_colors_info=&#8221;{}&#8221;][\/et_pb_image][et_pb_text _builder_version=&#8221;4.16&#8243; _module_preset=&#8221;c3c1179e-80e4-4396-b700-51b845e1c46f&#8221; header_2_font=&#8221;Tajawal|700|||||||&#8221; header_2_text_color=&#8221;#000000&#8243; header_2_font_size=&#8221;60px&#8221; custom_margin=&#8221;60px||-1px||false|false&#8221; custom_margin_last_edited=&#8221;off|phone&#8221; header_2_font_size_tablet=&#8221;32px&#8221; header_2_font_size_phone=&#8221;20px&#8221; header_2_font_size_last_edited=&#8221;on|phone&#8221; locked=&#8221;off&#8221; global_colors_info=&#8221;{}&#8221;]<\/p>\n<h2>Mission<\/h2>\n<p>[\/et_pb_text][et_pb_text _builder_version=&#8221;4.16&#8243; _module_preset=&#8221;2e1ca0a8-a515-4ca3-8814-65eea4b82393&#8243; text_font=&#8221;||||||||&#8221; text_text_color=&#8221;#666666&#8243; text_font_size=&#8221;16px&#8221; text_line_height=&#8221;1.8em&#8221; link_font=&#8221;|700|||||||&#8221; link_text_color=&#8221;#71B100&#8243; text_font_size_tablet=&#8221;15px&#8221; text_font_size_phone=&#8221;14px&#8221; text_font_size_last_edited=&#8221;on|desktop&#8221; locked=&#8221;off&#8221; global_colors_info=&#8221;{}&#8221;]<\/p>\n<p>Our mission is to always offer customers innovative and professional products for agriculture and the Agro-Cultural industry.<\/p>\n<p>[\/et_pb_text][\/et_pb_column][\/et_pb_row][\/et_pb_section][et_pb_section fb_built=&#8221;1&#8243; _builder_version=&#8221;4.23.4&#8243; _module_preset=&#8221;default&#8221; global_colors_info=&#8221;{}&#8221;][et_pb_row column_structure=&#8221;1_3,1_3,1_3&#8243; _builder_version=&#8221;4.23.4&#8243; _module_preset=&#8221;default&#8221; width=&#8221;95%&#8221; global_colors_info=&#8221;{}&#8221;][et_pb_column type=&#8221;1_3&#8243; _builder_version=&#8221;4.23.4&#8243; _module_preset=&#8221;default&#8221; custom_padding=&#8221;50px||50px||true|false&#8221; border_radii=&#8221;on|8px|8px|8px|8px&#8221; border_width_all=&#8221;1px&#8221; global_colors_info=&#8221;{}&#8221;][et_pb_icon font_icon=&#8221;&#x52;||divi||400&#8243; icon_color=&#8221;#0b6301&#8243; _builder_version=&#8221;4.23.4&#8243; _module_preset=&#8221;default&#8221; global_colors_info=&#8221;{}&#8221;][\/et_pb_icon][et_pb_heading title=&#8221;Mbi 2.000 Produkte&#8221; _builder_version=&#8221;4.23.4&#8243; _module_preset=&#8221;default&#8221; title_font=&#8221;|600|||||||&#8221; title_text_align=&#8221;center&#8221; global_colors_info=&#8221;{}&#8221;][\/et_pb_heading][\/et_pb_column][et_pb_column type=&#8221;1_3&#8243; _builder_version=&#8221;4.23.4&#8243; _module_preset=&#8221;default&#8221; custom_padding=&#8221;50px||50px||true|false&#8221; border_radii=&#8221;on|8px|8px|8px|8px&#8221; border_width_all=&#8221;1px&#8221; global_colors_info=&#8221;{}&#8221;][et_pb_icon font_icon=&#8221;&#x52;||divi||400&#8243; icon_color=&#8221;#0b6301&#8243; _builder_version=&#8221;4.23.4&#8243; _module_preset=&#8221;default&#8221; global_colors_info=&#8221;{}&#8221;][\/et_pb_icon][et_pb_heading title=&#8221;Marka Prestigjoze&#8221; _builder_version=&#8221;4.23.4&#8243; _module_preset=&#8221;default&#8221; title_font=&#8221;|600|||||||&#8221; title_text_align=&#8221;center&#8221; global_colors_info=&#8221;{}&#8221;][\/et_pb_heading][\/et_pb_column][et_pb_column type=&#8221;1_3&#8243; _builder_version=&#8221;4.23.4&#8243; _module_preset=&#8221;default&#8221; custom_padding=&#8221;50px||50px||true|false&#8221; border_radii=&#8221;on|8px|8px|8px|8px&#8221; border_width_all=&#8221;1px&#8221; global_colors_info=&#8221;{}&#8221;][et_pb_icon font_icon=&#8221;&#x52;||divi||400&#8243; icon_color=&#8221;#0b6301&#8243; _builder_version=&#8221;4.23.4&#8243; _module_preset=&#8221;default&#8221; global_colors_info=&#8221;{}&#8221;][\/et_pb_icon][et_pb_heading title=&#8221;Cilesi e Garantuar&#8221; _builder_version=&#8221;4.23.4&#8243; _module_preset=&#8221;default&#8221; title_font=&#8221;|600|||||||&#8221; title_text_align=&#8221;center&#8221; global_colors_info=&#8221;{}&#8221;][\/et_pb_heading][\/et_pb_column][\/et_pb_row][\/et_pb_section][et_pb_section fb_built=&#8221;1&#8243; admin_label=&#8221;Services&#8221; _builder_version=&#8221;4.16&#8243; _module_preset=&#8221;default&#8221; background_color=&#8221;#f3f7f0&#8243; background_enable_image=&#8221;off&#8221; background_position=&#8221;top_center&#8221; locked=&#8221;off&#8221; global_colors_info=&#8221;{}&#8221;][et_pb_row _builder_version=&#8221;4.23.4&#8243; _module_preset=&#8221;default&#8221; width=&#8221;95%&#8221; custom_padding=&#8221;0px||||false|false&#8221; global_colors_info=&#8221;{}&#8221;][et_pb_column type=&#8221;4_4&#8243; _builder_version=&#8221;4.16&#8243; _module_preset=&#8221;default&#8221; global_colors_info=&#8221;{}&#8221;][et_pb_text _builder_version=&#8221;4.23.4&#8243; _module_preset=&#8221;c3c1179e-80e4-4396-b700-51b845e1c46f&#8221; header_2_font=&#8221;Tajawal|700|||||||&#8221; header_2_text_color=&#8221;#000000&#8243; header_2_font_size=&#8221;40px&#8221; text_orientation=&#8221;center&#8221; header_2_font_size_tablet=&#8221;32px&#8221; header_2_font_size_phone=&#8221;20px&#8221; header_2_font_size_last_edited=&#8221;on|phone&#8221; text_orientation_tablet=&#8221;left&#8221; text_orientation_last_edited=&#8221;off|desktop&#8221; locked=&#8221;off&#8221; global_colors_info=&#8221;{}&#8221;]<\/p>\n<h2>Our Services<\/h2>\n<p>[\/et_pb_text][\/et_pb_column][\/et_pb_row][et_pb_row column_structure=&#8221;1_3,1_3,1_3&#8243; _builder_version=&#8221;4.23.4&#8243; _module_preset=&#8221;default&#8221; width=&#8221;95%&#8221; global_colors_info=&#8221;{}&#8221;][et_pb_column type=&#8221;1_3&#8243; _builder_version=&#8221;4.16&#8243; _module_preset=&#8221;default&#8221; global_colors_info=&#8221;{}&#8221;][et_pb_blurb title=&#8221;Shitje&#8221; use_icon=&#8221;on&#8221; font_icon=&#8221;&#xe07b;||divi||400&#8243; icon_placement=&#8221;left&#8221; image_icon_width=&#8221;48px&#8221; content_max_width=&#8221;100%&#8221; _builder_version=&#8221;4.23.4&#8243; _module_preset=&#8221;default&#8221; header_font=&#8221;Tajawal|700|||||||&#8221; header_text_color=&#8221;#244435&#8243; body_text_color=&#8221;#666666&#8243; body_line_height=&#8221;2em&#8221; animation=&#8221;off&#8221; header_font_size_tablet=&#8221;16px&#8221; header_font_size_phone=&#8221;16px&#8221; header_font_size_last_edited=&#8221;on|phone&#8221; image_max_width=&#8221;48px&#8221; locked=&#8221;off&#8221; global_colors_info=&#8221;{}&#8221;][\/et_pb_blurb][\/et_pb_column][et_pb_column type=&#8221;1_3&#8243; _builder_version=&#8221;4.16&#8243; _module_preset=&#8221;default&#8221; global_colors_info=&#8221;{}&#8221;][et_pb_blurb title=&#8221;Riparim&#8221; use_icon=&#8221;on&#8221; font_icon=&#8221;&#xf7d9;||fa||900&#8243; icon_placement=&#8221;left&#8221; image_icon_width=&#8221;48px&#8221; content_max_width=&#8221;100%&#8221; _builder_version=&#8221;4.23.4&#8243; _module_preset=&#8221;default&#8221; header_font=&#8221;Tajawal|700|||||||&#8221; header_text_color=&#8221;#244435&#8243; body_text_color=&#8221;#666666&#8243; body_line_height=&#8221;2em&#8221; animation=&#8221;off&#8221; image_max_width=&#8221;48px&#8221; locked=&#8221;off&#8221; global_colors_info=&#8221;{}&#8221;][\/et_pb_blurb][\/et_pb_column][et_pb_column type=&#8221;1_3&#8243; _builder_version=&#8221;4.16&#8243; _module_preset=&#8221;default&#8221; global_colors_info=&#8221;{}&#8221;][et_pb_blurb title=&#8221;Asistence Teknike&#8221; use_icon=&#8221;on&#8221; font_icon=&#8221;&#xe022;||divi||400&#8243; icon_placement=&#8221;left&#8221; image_icon_width=&#8221;48px&#8221; content_max_width=&#8221;100%&#8221; _builder_version=&#8221;4.23.4&#8243; _module_preset=&#8221;default&#8221; header_font=&#8221;Tajawal|700|||||||&#8221; header_text_color=&#8221;#244435&#8243; body_text_color=&#8221;#666666&#8243; body_line_height=&#8221;2em&#8221; animation=&#8221;off&#8221; image_max_width=&#8221;48px&#8221; locked=&#8221;off&#8221; global_colors_info=&#8221;{}&#8221;][\/et_pb_blurb][\/et_pb_column][\/et_pb_row][\/et_pb_section][et_pb_section fb_built=&#8221;1&#8243; admin_label=&#8221;Testimonials&#8221; _builder_version=&#8221;4.16&#8243; _module_preset=&#8221;default&#8221; background_color=&#8221;#f3f7f0&#8243; locked=&#8221;off&#8221; global_colors_info=&#8221;{}&#8221;][et_pb_row _builder_version=&#8221;4.23.4&#8243; _module_preset=&#8221;default&#8221; width=&#8221;95%&#8221; custom_padding=&#8221;0px||||false|false&#8221; global_colors_info=&#8221;{}&#8221;][et_pb_column type=&#8221;4_4&#8243; _builder_version=&#8221;4.16&#8243; _module_preset=&#8221;default&#8221; global_colors_info=&#8221;{}&#8221;][et_pb_image src=&#8221;https:\/\/eurofermer.al\/wp-content\/uploads\/2023\/12\/landscape-maintenance-09.png&#8221; title_text=&#8221;landscape-maintenance-09&#8243; align=&#8221;center&#8221; _builder_version=&#8221;4.16&#8243; _module_preset=&#8221;default&#8221; locked=&#8221;off&#8221; global_colors_info=&#8221;{}&#8221;][\/et_pb_image][et_pb_slider arrows_custom_color=&#8221;#244435&#8243; dot_nav_custom_color=&#8221;#244435&#8243; _builder_version=&#8221;4.23.4&#8243; _module_preset=&#8221;default&#8221; header_font=&#8221;Tajawal|700|||||||&#8221; header_text_color=&#8221;#244435&#8243; header_font_size=&#8221;18px&#8221; header_line_height=&#8221;1.8em&#8221; body_font=&#8221;Tajawal|700||on|||||&#8221; body_text_color=&#8221;#666666&#8243; body_font_size=&#8221;12px&#8221; body_letter_spacing=&#8221;3px&#8221; body_line_height=&#8221;1.5em&#8221; background_color=&#8221;RGBA(0,0,0,0)&#8221; custom_padding=&#8221;0px||80px||false|false&#8221; header_font_size_tablet=&#8221;16px&#8221; header_font_size_phone=&#8221;14px&#8221; header_font_size_last_edited=&#8221;on|desktop&#8221; custom_css_slide_title=&#8221;margin-bottom: 30px;&#8221; text_shadow_style=&#8221;preset3&#8243; text_shadow_color=&#8221;RGBA(0,0,0,0)&#8221; global_colors_info=&#8221;{%22gcid-87ce0c3f-2a7b-40dd-8a42-4148be75d651%22:%91%93}&#8221;][et_pb_slide heading=&#8221;\u201cJu felenderoj per produktet cilesore qe ofroni. Jma shume i kenaqur, kam bere disa here blerje tek kompania juaj.\u201d&#8221; _builder_version=&#8221;4.23.4&#8243; _module_preset=&#8221;default&#8221; global_colors_info=&#8221;{}&#8221; sticky_transition=&#8221;on&#8221;]<\/p>\n<p>Mevlan Hysa<\/p>\n<p>[\/et_pb_slide][et_pb_slide heading=&#8221;\u201cProdukti qe une bleva ishte me cmim te arsyeshem dhe me garanci. Une kam vite qe e perdor dhe jam shume besnik ndaj Agro Green, profesional dhe shume korrekt me klientet, faleminderit.\u201d&#8221; _builder_version=&#8221;4.23.4&#8243; _module_preset=&#8221;default&#8221; global_colors_info=&#8221;{}&#8221; sticky_transition=&#8221;on&#8221;]<\/p>\n<p>Astrit Tafa<\/p>\n<p>[\/et_pb_slide][\/et_pb_slider][\/et_pb_column][\/et_pb_row][\/et_pb_section]<\/p>","protected":false},"excerpt":{"rendered":"<p>Rreth NeshEuro Fermer Albania \u00ebsht\u00eb nj\u00eb ofrues kryesor i produkteve agro-industriale me vendndodhje n\u00eb Fush\u00eb-Kruj\u00eb, Shqip\u00ebri. Me nj\u00eb angazhim p\u00ebr p\u00ebrsosm\u00ebri, ne p\u00ebrpiqemi t\u00eb ofrojm\u00eb produkte dhe sh\u00ebrbime me cil\u00ebsi t\u00eb lart\u00eb p\u00ebr t\u00eb p\u00ebrmbushur nevojat e klient\u00ebve tan\u00eb. Ekipi yn\u00eb i p\u00ebrkushtuar i profesionist\u00ebve punon pa u lodhur p\u00ebr t\u00eb siguruar q\u00eb produktet tona [&hellip;]<\/p>","protected":false},"author":1,"featured_media":0,"parent":0,"menu_order":0,"comment_status":"closed","ping_status":"closed","template":"","meta":{"_et_pb_use_builder":"on","_et_pb_old_content":"","_et_gb_content_width":"","footnotes":""},"class_list":["post-130","page","type-page","status-publish","hentry"],"aioseo_notices":[],"_links":{"self":[{"href":"https:\/\/eurofermer.al\/en\/wp-json\/wp\/v2\/pages\/130","targetHints":{"allow":["GET"]}}],"collection":[{"href":"https:\/\/eurofermer.al\/en\/wp-json\/wp\/v2\/pages"}],"about":[{"href":"https:\/\/eurofermer.al\/en\/wp-json\/wp\/v2\/types\/page"}],"author":[{"embeddable":true,"href":"https:\/\/eurofermer.al\/en\/wp-json\/wp\/v2\/users\/1"}],"replies":[{"embeddable":true,"href":"https:\/\/eurofermer.al\/en\/wp-json\/wp\/v2\/comments?post=130"}],"version-history":[{"count":7,"href":"https:\/\/eurofermer.al\/en\/wp-json\/wp\/v2\/pages\/130\/revisions"}],"predecessor-version":[{"id":633,"href":"https:\/\/eurofermer.al\/en\/wp-json\/wp\/v2\/pages\/130\/revisions\/633"}],"wp:attachment":[{"href":"https:\/\/eurofermer.al\/en\/wp-json\/wp\/v2\/media?parent=130"}],"curies":[{"name":"wp","href":"https:\/\/api.w.org\/{rel}","templated":true}]}}